{"id":3,"date":"2025-07-10T13:56:32","date_gmt":"2025-07-10T13:56:32","guid":{"rendered":"https:\/\/accesstoparis.com\/?page_id=3"},"modified":"2025-09-18T10:17:02","modified_gmt":"2025-09-18T08:17:02","slug":"terminos-condiciones","status":"publish","type":"page","link":"https:\/\/accesstoparis.com\/es\/terminos-condiciones\/","title":{"rendered":"T\u00e9rminos y condiciones"},"content":{"rendered":"<div data-elementor-type=\"wp-page\" data-elementor-id=\"3\" class=\"elementor elementor-3\" data-elementor-post-type=\"page\">\n\t\t\t\t<div class=\"elementor-element elementor-element-d9a4b4c e-flex e-con-boxed e-con e-parent\" data-id=\"d9a4b4c\" data-element_type=\"container\" data-settings=\"{&quot;background_background&quot;:&quot;classic&quot;,&quot;jet_parallax_layout_list&quot;:[]}\">\n\t\t\t\t\t<div class=\"e-con-inner\">\n\t\t\t\t<div class=\"elementor-element elementor-element-c45c101 elementor-widget elementor-widget-heading\" data-id=\"c45c101\" data-element_type=\"widget\" data-widget_type=\"heading.default\">\n\t\t\t\t\t<h1 class=\"elementor-heading-title elementor-size-default\">T\u00e9rminos y condiciones<\/h1>\t\t\t\t<\/div>\n\t\t\t\t\t<\/div>\n\t\t\t\t<\/div>\n\t\t<div class=\"elementor-element elementor-element-606ad61e e-flex e-con-boxed e-con e-parent\" data-id=\"606ad61e\" data-element_type=\"container\" data-settings=\"{&quot;jet_parallax_layout_list&quot;:[]}\">\n\t\t\t\t\t<div class=\"e-con-inner\">\n\t\t\t\t<div class=\"elementor-element elementor-element-7ff5ef elementor-widget elementor-widget-text-editor\" data-id=\"7ff5ef\" data-element_type=\"widget\" data-widget_type=\"text-editor.default\">\n\t\t\t\t\t\t\t\t\t<h2><b>1. Introducci\u00f3n<\/b><\/h2><p><span style=\"font-weight: 400;\">Estos T\u00e9rminos y Condiciones (\u201cTyC\u201d) rigen el uso de los servicios y la compra de productos ofrecidos por Andras Toth (individual entrepreneur). Al utilizar nuestros servicios o comprar con nosotros, usted (\u201cCliente\u201d) acepta quedar sujeto a estos t\u00e9rminos.<\/span><\/p><h2><b>2. Reservas, cancelaciones y cambios<\/b><\/h2><p><span style=\"font-weight: 400;\">\u2013 Todas las reservas deben realizarse con antelaci\u00f3n y est\u00e1n sujetas a disponibilidad.<\/span><\/p><p><span style=\"font-weight: 400;\">\u2013 Solo se aceptan cancelaciones si se solicitan al menos 24 horas antes de la hora prevista de llegada o de servicio.<\/span><\/p><p><span style=\"font-weight: 400;\">\u2013 Para cancelaciones realizadas con menos de 24 horas de antelaci\u00f3n, se podr\u00e1 cobrar la tarifa completa.<\/span><\/p><p><span style=\"font-weight: 400;\">\u2013 El cambio de fecha puede ser posible seg\u00fan la disponibilidad y la situaci\u00f3n espec\u00edfica, si la solicitud se realiza al menos 24 horas antes de la reserva original.<\/span><\/p><h2><b>3. Exenci\u00f3n de responsabilidad por eventos externos y atracciones<\/b><\/h2><p><span style=\"font-weight: 400;\">\u2013 No nos hacemos responsables de problemas fuera de nuestro control, incluidos, entre otros: cierres de carreteras, cierre de atracciones, condiciones meteorol\u00f3gicas, restricciones o cambios de terceros.<\/span><\/p><p><span style=\"font-weight: 400;\">\u2013 Dichos eventos no califican para reembolsos autom\u00e1ticos.<\/span><\/p><h2><b>4. Pol\u00edtica de reembolso<\/b><\/h2><p><span style=\"font-weight: 400;\">- Los servicios de ocio prestados en una fecha y hora determinadas no est\u00e1n sujetos al derecho de desistimiento de 14 d\u00edas conforme a la Directiva 2011\/83\/UE, art\u00edculo 16, letra l).<br \/>Sin perjuicio de lo anterior, ofrecemos cancelaci\u00f3n gratuita hasta 24 horas antes de la hora programada (salvo que se indique lo contrario en la p\u00e1gina del producto). <br \/>- Transcurrido este plazo, las entradas no son reembolsables.<\/span><\/p><p><span style=\"font-weight: 400;\">\u2013 Los reembolsos solo se consideran en casos justificados y excepcionales, como art\u00edculos defectuosos o errores cometidos por nosotros.<\/span><\/p><p><span style=\"font-weight: 400;\">\u2013 Para los servicios, los reembolsos solo se emitir\u00e1n en los casos en que nosotros cancelemos o no cumplamos con la entrega.<\/span><\/p><p><span style=\"font-weight: 400;\">&#8211; Refund requests must be made within 7 days of purchase at [info@accesstoparis.com].<\/span><\/p><h2><b>5. Pagos<\/b><\/h2><p><span style=\"font-weight: 400;\">\u2013 Todos los precios se muestran en EUR e incluyen los impuestos aplicables, salvo que se indique lo contrario.<\/span><\/p><p><span style=\"font-weight: 400;\">\u2013 Los pagos deben completarse antes de recibir el producto o el servicio, salvo acuerdo escrito en contrario.<\/span><\/p><p><span style=\"font-weight: 400;\">\u2013 Nos reservamos el derecho de rechazar el servicio o la entrega si no se ha recibido el pago o si existe una disputa.<\/span><\/p><h2><b>6. Responsabilidad<\/b><\/h2><p><span style=\"font-weight: 400;\">\u2013 No somos responsables de da\u00f1os indirectos, incidentales o consecuenciales que puedan derivarse del uso de nuestros servicios o productos.<\/span><\/p><p><span style=\"font-weight: 400;\">\u2013 Nuestra responsabilidad m\u00e1xima se limita al importe total pagado por el cliente por el servicio o producto espec\u00edfico en cuesti\u00f3n.<\/span><\/p><p><span style=\"font-weight: 400;\">\u2013 Nuestra responsabilidad no se extiende a ninguna p\u00e9rdida o inconveniente derivado del cierre o la indisponibilidad de lugares o atracciones de terceros.<\/span><\/p><h2><b>7. Cambios en estos t\u00e9rminos<\/b><\/h2><p><span style=\"font-weight: 400;\">\u2013 Nos reservamos el derecho de modificar o actualizar estos T\u00e9rminos y condiciones en cualquier momento. Los cambios entrar\u00e1n en vigor inmediatamente despu\u00e9s de su publicaci\u00f3n en nuestro sitio web.<\/span><\/p><h2><strong>8. Entrega de las entradas<\/strong><\/h2><p class=\"translation-block\">\u2013 Las entradas se entregan digitalmente como archivos PDF por correo electr\u00f3nico a la direcci\u00f3n indicada en el pago. <br>La entrega se considera completada cuando nuestro sistema confirma el env\u00edo correcto del correo. <br>Si no recibe sus entradas en el plazo indicado (normalmente en minutos, pero <br>permita hasta 2 horas), revise su carpeta de spam y, despu\u00e9s, cont\u00e1ctenos en [info@accesstoparis.com\n]<\/p><h2><strong>9. Atenci\u00f3n al cliente y reclamaciones<\/strong><\/h2><p class=\"translation-block\">\u2013 Puede contactarnos en info@accesstoparis.com\n.<br>Nuestro objetivo es responder en un plazo de 2 d\u00edas laborables. Si tiene intenci\u00f3n de disputar un cargo con tarjeta (chargeback), <br>cont\u00e1ctenos primero para que podamos investigar y ofrecer una soluci\u00f3n. Las devoluciones de cargo injustificadas <br>pueden dar lugar a la suspensi\u00f3n de los servicios.<\/p><h2><strong>10. Ley aplicable y resoluci\u00f3n de controversias<\/strong><\/h2><p class=\"translation-block\">\u2013 Estos TyC se rigen por las leyes de Hungr\u00eda. Los tribunales de Hungr\u00eda tendr\u00e1n jurisdicci\u00f3n, <br>sin perjuicio de los derechos imperativos de los consumidores en su pa\u00eds de residencia. Los consumidores pueden utilizar la plataforma europea de Resoluci\u00f3n de Litigios en L\u00ednea (ODR): <a href=\"https:\/\/ec.europa.eu\/consumers\/odr\" target=\"_blank\" rel=\"noopener\">https:\/\/ec.europa.eu\/consumers\/odr\n<\/a><\/p><h2><b>11. Contacto<\/b><\/h2><p><span style=\"font-weight: 400;\">\u2013 Si tiene alguna pregunta sobre estas condiciones, cont\u00e1ctenos en:<\/span><\/p><p><span style=\"font-weight: 400;\"><img decoding=\"async\" class=\"emoji\" role=\"img\" draggable=\"false\" src=\"https:\/\/s.w.org\/images\/core\/emoji\/16.0.1\/svg\/1f4e7.svg\" alt=\"\ud83d\udce7\" \/><\/span><span style=\"font-weight: 400;\"> [info@accesstoparis.com]<\/span><\/p><p>\u2013 En caso de discrepancias entre las versiones en distintos idiomas de estos TyC, prevalece la versi\u00f3n en ingl\u00e9s.<\/p>\t\t\t\t\t\t\t\t<\/div>\n\t\t\t\t\t<\/div>\n\t\t\t\t<\/div>\n\t\t\t\t<\/div>","protected":false},"excerpt":{"rendered":"<p>Terms and Conditions 1. Introduction These Terms and Conditions (&#8220;T&amp;C&#8221;) govern the use of services and the purchase of products offered by Andras Toth (individual entrepreneur) By using our services or purchasing from us, you (&#8220;Customer&#8221;) agree to be bound by these terms. 2. Bookings, Cancellations &amp; Rescheduling &#8211; All bookings must be made in [&hellip;]<\/p>","protected":false},"author":2,"featured_media":0,"parent":0,"menu_order":101,"comment_status":"closed","ping_status":"closed","template":"","meta":{"_acf_changed":false,"_glsr_average":0,"_glsr_ranking":0,"_glsr_reviews":0,"footnotes":""},"class_list":["post-3","page","type-page","status-publish","hentry"],"acf":[],"_links":{"self":[{"href":"https:\/\/accesstoparis.com\/es\/wp-json\/wp\/v2\/pages\/3","targetHints":{"allow":["GET"]}}],"collection":[{"href":"https:\/\/accesstoparis.com\/es\/wp-json\/wp\/v2\/pages"}],"about":[{"href":"https:\/\/accesstoparis.com\/es\/wp-json\/wp\/v2\/types\/page"}],"author":[{"embeddable":true,"href":"https:\/\/accesstoparis.com\/es\/wp-json\/wp\/v2\/users\/2"}],"replies":[{"embeddable":true,"href":"https:\/\/accesstoparis.com\/es\/wp-json\/wp\/v2\/comments?post=3"}],"version-history":[{"count":31,"href":"https:\/\/accesstoparis.com\/es\/wp-json\/wp\/v2\/pages\/3\/revisions"}],"predecessor-version":[{"id":899,"href":"https:\/\/accesstoparis.com\/es\/wp-json\/wp\/v2\/pages\/3\/revisions\/899"}],"wp:attachment":[{"href":"https:\/\/accesstoparis.com\/es\/wp-json\/wp\/v2\/media?parent=3"}],"curies":[{"name":"wp","href":"https:\/\/api.w.org\/{rel}","templated":true}]}}